{"id":1411,"date":"2022-11-11T18:58:54","date_gmt":"2022-11-11T21:58:54","guid":{"rendered":"https:\/\/frutasvalentia.com.ar\/?page_id=1411"},"modified":"2022-11-15T11:27:57","modified_gmt":"2022-11-15T14:27:57","slug":"conocenos","status":"publish","type":"page","link":"https:\/\/frutasvalentia.com.ar\/?page_id=1411","title":{"rendered":"Con\u00f3cenos"},"content":{"rendered":"\n<div class=\"wp-block-uagb-container uagb-block-eb8b83db alignfull uagb-is-root-container\"><div class=\"uagb-container-inner-blocks-wrap\">\n<div class=\"wp-block-columns is-layout-flex wp-container-core-columns-is-layout-059203fb wp-block-columns-is-layout-flex\" style=\"padding-top:var(--wp--preset--spacing--60);padding-right:var(--wp--preset--spacing--60);padding-bottom:var(--wp--preset--spacing--60);padding-left:var(--wp--preset--spacing--60)\">\n<div class=\"wp-block-column is-layout-flow wp-block-column-is-layout-flow\"><\/div>\n\n\n\n<div class=\"wp-block-column is-layout-flow wp-block-column-is-layout-flow\"><\/div>\n\n\n\n<div class=\"wp-block-column is-layout-flow wp-block-column-is-layout-flow\"><\/div>\n<\/div>\n<\/div><\/div>\n\n\n\n<div class=\"wp-block-uagb-container uagb-block-9c5ec8d1 alignfull uagb-is-root-container\"><div class=\"uagb-container-inner-blocks-wrap\">\n<div class=\"wp-block-columns are-vertically-aligned-center is-layout-flex wp-container-core-columns-is-layout-2aa49d08 wp-block-columns-is-layout-flex\" style=\"padding-top:var(--wp--preset--spacing--50);padding-right:var(--wp--preset--spacing--50);padding-bottom:var(--wp--preset--spacing--50);padding-left:var(--wp--preset--spacing--50)\">\n<div class=\"wp-block-column is-vertically-aligned-center is-layout-flow wp-block-column-is-layout-flow\" style=\"flex-basis:50%\">\n<h2 class=\"has-ast-global-color-1-color has-text-color wp-block-heading\">Familia Productora<\/h2>\n\n\n\n<p>Somos una familia que produce y comercializa fruta de San Juan.<br>Nuestras fincas se encuentras ubicadas en el departamento de Albard\u00f3n, donde gracias a sus suelos pedregosos y c\u00e1lidos nos permite contar con primicias de&nbsp;<strong>damasco<\/strong>,&nbsp;<strong>ciruela<\/strong>&nbsp;y&nbsp;<strong>uva<\/strong>&nbsp;de diversas variedades.<\/p>\n<\/div>\n\n\n\n<div class=\"wp-block-column is-vertically-aligned-center is-layout-flow wp-block-column-is-layout-flow\" style=\"flex-basis:5%\"><\/div>\n\n\n\n<div class=\"wp-block-column is-vertically-aligned-center is-layout-flow wp-block-column-is-layout-flow\" style=\"padding-top:0;padding-right:0;padding-bottom:0;padding-left:0\">\n<figure class=\"wp-block-image aligncenter size-large has-custom-border\"><img loading=\"lazy\" decoding=\"async\" width=\"1024\" height=\"768\" src=\"https:\/\/frutasvalentia.com.ar\/wp-content\/uploads\/2022\/11\/chica-en-quinta-1024x768.jpg\" alt=\"\" class=\"wp-image-1415\" style=\"border-radius:12px\" srcset=\"https:\/\/frutasvalentia.com.ar\/wp-content\/uploads\/2022\/11\/chica-en-quinta-1024x768.jpg 1024w, https:\/\/frutasvalentia.com.ar\/wp-content\/uploads\/2022\/11\/chica-en-quinta-300x225.jpg 300w, https:\/\/frutasvalentia.com.ar\/wp-content\/uploads\/2022\/11\/chica-en-quinta-768x576.jpg 768w, https:\/\/frutasvalentia.com.ar\/wp-content\/uploads\/2022\/11\/chica-en-quinta-1536x1152.jpg 1536w, https:\/\/frutasvalentia.com.ar\/wp-content\/uploads\/2022\/11\/chica-en-quinta-2048x1536.jpg 2048w\" sizes=\"auto, (max-width: 1024px) 100vw, 1024px\" \/><\/figure>\n<\/div>\n<\/div>\n<\/div><\/div>\n\n\n\n<div class=\"wp-block-columns is-layout-flex wp-container-core-columns-is-layout-7fe9f37d wp-block-columns-is-layout-flex\" style=\"padding-top:var(--wp--preset--spacing--80);padding-right:var(--wp--preset--spacing--80);padding-bottom:var(--wp--preset--spacing--80);padding-left:var(--wp--preset--spacing--80)\">\n<div class=\"wp-block-column is-vertically-aligned-center is-layout-flow wp-block-column-is-layout-flow\" style=\"flex-basis:33%\">\n<figure class=\"wp-block-image aligncenter size-large has-custom-border\"><img loading=\"lazy\" decoding=\"async\" width=\"768\" height=\"1024\" src=\"https:\/\/frutasvalentia.com.ar\/wp-content\/uploads\/2022\/11\/100_0313-768x1024.jpg\" alt=\"Damascos en arbol\" class=\"wp-image-1188\" style=\"border-radius:10px\" srcset=\"https:\/\/frutasvalentia.com.ar\/wp-content\/uploads\/2022\/11\/100_0313-768x1024.jpg 768w, https:\/\/frutasvalentia.com.ar\/wp-content\/uploads\/2022\/11\/100_0313-225x300.jpg 225w, https:\/\/frutasvalentia.com.ar\/wp-content\/uploads\/2022\/11\/100_0313-1152x1536.jpg 1152w, https:\/\/frutasvalentia.com.ar\/wp-content\/uploads\/2022\/11\/100_0313-1536x2048.jpg 1536w, https:\/\/frutasvalentia.com.ar\/wp-content\/uploads\/2022\/11\/100_0313-rotated.jpg 1773w\" sizes=\"auto, (max-width: 768px) 100vw, 768px\" \/><\/figure>\n<\/div>\n\n\n\n<div class=\"wp-block-column is-vertically-aligned-center is-layout-flow wp-block-column-is-layout-flow\" style=\"flex-basis:33%\">\n<div class=\"wp-block-uagb-info-box uagb-block-435dc242 uagb-infobox__content-wrap  uagb-infobox-icon-above-title uagb-infobox-image-valign-top\"><div class=\"uagb-ifb-content\"><div class=\"uagb-ifb-title-wrap\"><h3 class=\"uagb-ifb-title\">Desde el a\u00f1o 1995<\/h3><\/div><p class=\"uagb-ifb-desc\">Bajo el lema <strong>VIVIR Y TRABAJAR GRANDEZA<\/strong>. Respetando el m\u00e1s profundo sentido cristiano.<br>Haciendo de la vida y el trabajo una ofrenda a la Sant\u00edsima Trinidad.<br>Continuando el legado de Humberto  Pontoriero (Padre) en el a\u00f1o 1995 nace, de la mano de <strong>Luis Pontoriero<\/strong> y su esposa <strong>Mar\u00eda Eugenia Ejarque<\/strong>, <strong>Finca Do\u00f1a Luisa<\/strong> con las primeras plantaciones de Damasco, ciruela y uva de mesa. Luego de un par de a\u00f1os con sus primeros frutos comenzar\u00eda la selecci\u00f3n y el empaque que tendr\u00eda como destino los principales mercados del pa\u00eds.<\/p><div class=\"uagb-ifb-button-wrapper wp-block-button\"><a href=\"#\" target=\"_self\" class=\"uagb-infobox-cta-link\" rel=\"noopener noreferrer\" alt=\"\"><span class=\"uagb-inline-editing\"><\/span><\/a><\/div><\/div><\/div>\n<\/div>\n\n\n\n<div class=\"wp-block-column is-vertically-aligned-center is-layout-flow wp-block-column-is-layout-flow\" style=\"flex-basis:33%\">\n<figure class=\"wp-block-image aligncenter size-large has-custom-border\"><img loading=\"lazy\" decoding=\"async\" width=\"1024\" height=\"768\" src=\"https:\/\/frutasvalentia.com.ar\/wp-content\/uploads\/2022\/11\/flor-damasco-1024x768.jpg\" alt=\"flor-damasco\" class=\"wp-image-1416\" style=\"border-radius:10px\" srcset=\"https:\/\/frutasvalentia.com.ar\/wp-content\/uploads\/2022\/11\/flor-damasco-1024x768.jpg 1024w, https:\/\/frutasvalentia.com.ar\/wp-content\/uploads\/2022\/11\/flor-damasco-300x225.jpg 300w, https:\/\/frutasvalentia.com.ar\/wp-content\/uploads\/2022\/11\/flor-damasco-768x576.jpg 768w, https:\/\/frutasvalentia.com.ar\/wp-content\/uploads\/2022\/11\/flor-damasco-1536x1152.jpg 1536w, https:\/\/frutasvalentia.com.ar\/wp-content\/uploads\/2022\/11\/flor-damasco-2048x1536.jpg 2048w\" sizes=\"auto, (max-width: 1024px) 100vw, 1024px\" \/><\/figure>\n\n\n\n<figure class=\"wp-block-image aligncenter size-large has-custom-border\"><img loading=\"lazy\" decoding=\"async\" width=\"1024\" height=\"768\" src=\"https:\/\/frutasvalentia.com.ar\/wp-content\/uploads\/2022\/11\/abeja-en-flor-damasco-1024x768.jpg\" alt=\"\" class=\"wp-image-1414\" style=\"border-radius:10px\" srcset=\"https:\/\/frutasvalentia.com.ar\/wp-content\/uploads\/2022\/11\/abeja-en-flor-damasco-1024x768.jpg 1024w, https:\/\/frutasvalentia.com.ar\/wp-content\/uploads\/2022\/11\/abeja-en-flor-damasco-300x225.jpg 300w, https:\/\/frutasvalentia.com.ar\/wp-content\/uploads\/2022\/11\/abeja-en-flor-damasco-768x576.jpg 768w, https:\/\/frutasvalentia.com.ar\/wp-content\/uploads\/2022\/11\/abeja-en-flor-damasco-1536x1152.jpg 1536w, https:\/\/frutasvalentia.com.ar\/wp-content\/uploads\/2022\/11\/abeja-en-flor-damasco-2048x1536.jpg 2048w\" sizes=\"auto, (max-width: 1024px) 100vw, 1024px\" \/><\/figure>\n<\/div>\n<\/div>\n\n\n\n<div class=\"wp-block-columns is-layout-flex wp-container-core-columns-is-layout-7fe9f37d wp-block-columns-is-layout-flex\" style=\"padding-top:var(--wp--preset--spacing--80);padding-right:var(--wp--preset--spacing--80);padding-bottom:var(--wp--preset--spacing--80);padding-left:var(--wp--preset--spacing--80)\">\n<div class=\"wp-block-column is-layout-flow wp-block-column-is-layout-flow\" style=\"padding-top:0;padding-right:0;padding-bottom:0;padding-left:0;flex-basis:45%\">\n<figure class=\"wp-block-image size-full has-custom-border\"><img loading=\"lazy\" decoding=\"async\" width=\"1773\" height=\"2364\" src=\"https:\/\/frutasvalentia.com.ar\/wp-content\/uploads\/2022\/11\/frutas-valentia-rotated.jpg\" alt=\"\" class=\"wp-image-1440\" style=\"border-radius:10px\" srcset=\"https:\/\/frutasvalentia.com.ar\/wp-content\/uploads\/2022\/11\/frutas-valentia-rotated.jpg 1773w, https:\/\/frutasvalentia.com.ar\/wp-content\/uploads\/2022\/11\/frutas-valentia-225x300.jpg 225w, https:\/\/frutasvalentia.com.ar\/wp-content\/uploads\/2022\/11\/frutas-valentia-768x1024.jpg 768w, https:\/\/frutasvalentia.com.ar\/wp-content\/uploads\/2022\/11\/frutas-valentia-1152x1536.jpg 1152w, https:\/\/frutasvalentia.com.ar\/wp-content\/uploads\/2022\/11\/frutas-valentia-1536x2048.jpg 1536w\" sizes=\"auto, (max-width: 1773px) 100vw, 1773px\" \/><\/figure>\n<\/div>\n\n\n\n<div class=\"wp-block-column is-layout-flow wp-block-column-is-layout-flow\" style=\"flex-basis:2%\"><\/div>\n\n\n\n<div class=\"wp-block-column is-vertically-aligned-center is-layout-flow wp-block-column-is-layout-flow\" style=\"flex-basis:50%\">\n<div class=\"wp-block-columns are-vertically-aligned-center is-layout-flex wp-container-core-columns-is-layout-28f84493 wp-block-columns-is-layout-flex\">\n<div class=\"wp-block-column is-vertically-aligned-center is-layout-flow wp-block-column-is-layout-flow\">\n<div class=\"wp-block-uagb-info-box uagb-block-42121904 uagb-infobox__content-wrap  uagb-infobox-icon-above-title uagb-infobox-image-valign-top\"><div class=\"uagb-ifb-content\"><div class=\"uagb-ifb-title-wrap\"><h3 class=\"uagb-ifb-title\">En 2022<\/h3><\/div><p class=\"uagb-ifb-desc\">Habiendo pasado varios a\u00f1os desde \u00e9se primer comienzo, los reto\u00f1os de la familia comenzaron a dar frutos y nace la comercializadora <br><strong>Frutas Valent\u00eda<\/strong>.<\/p><div class=\"uagb-ifb-button-wrapper wp-block-button\"><a href=\"#\" target=\"_self\" class=\"uagb-infobox-cta-link\" rel=\"noopener noreferrer\" alt=\"\"><span class=\"uagb-inline-editing\"><\/span><\/a><\/div><\/div><\/div>\n\n\n\n<figure class=\"wp-block-image aligncenter size-large has-custom-border\"><img loading=\"lazy\" decoding=\"async\" width=\"1024\" height=\"768\" src=\"https:\/\/frutasvalentia.com.ar\/wp-content\/uploads\/2022\/11\/cajas-valentia-1024x768.jpg\" alt=\"\" class=\"wp-image-1196\" style=\"border-radius:10px\" srcset=\"https:\/\/frutasvalentia.com.ar\/wp-content\/uploads\/2022\/11\/cajas-valentia-1024x768.jpg 1024w, https:\/\/frutasvalentia.com.ar\/wp-content\/uploads\/2022\/11\/cajas-valentia-300x225.jpg 300w, https:\/\/frutasvalentia.com.ar\/wp-content\/uploads\/2022\/11\/cajas-valentia-768x576.jpg 768w, https:\/\/frutasvalentia.com.ar\/wp-content\/uploads\/2022\/11\/cajas-valentia-1536x1152.jpg 1536w, https:\/\/frutasvalentia.com.ar\/wp-content\/uploads\/2022\/11\/cajas-valentia-2048x1536.jpg 2048w\" sizes=\"auto, (max-width: 1024px) 100vw, 1024px\" \/><\/figure>\n<\/div>\n<\/div>\n<\/div>\n<\/div>\n\n\n\n<div class=\"wp-block-columns are-vertically-aligned-center is-layout-flex wp-container-core-columns-is-layout-7fe9f37d wp-block-columns-is-layout-flex\" style=\"padding-top:var(--wp--preset--spacing--80);padding-right:var(--wp--preset--spacing--80);padding-bottom:var(--wp--preset--spacing--80);padding-left:var(--wp--preset--spacing--80)\">\n<div class=\"wp-block-column is-vertically-aligned-center is-layout-flow wp-block-column-is-layout-flow\">\n<figure class=\"wp-block-image aligncenter size-large has-custom-border\"><img loading=\"lazy\" decoding=\"async\" width=\"1024\" height=\"768\" src=\"https:\/\/frutasvalentia.com.ar\/wp-content\/uploads\/2022\/11\/uva-red-globe3-1024x768.jpg\" alt=\"\" class=\"wp-image-1123\" style=\"border-radius:10px\" srcset=\"https:\/\/frutasvalentia.com.ar\/wp-content\/uploads\/2022\/11\/uva-red-globe3-1024x768.jpg 1024w, https:\/\/frutasvalentia.com.ar\/wp-content\/uploads\/2022\/11\/uva-red-globe3-300x225.jpg 300w, https:\/\/frutasvalentia.com.ar\/wp-content\/uploads\/2022\/11\/uva-red-globe3-768x576.jpg 768w, https:\/\/frutasvalentia.com.ar\/wp-content\/uploads\/2022\/11\/uva-red-globe3-1536x1152.jpg 1536w, https:\/\/frutasvalentia.com.ar\/wp-content\/uploads\/2022\/11\/uva-red-globe3-2048x1536.jpg 2048w\" sizes=\"auto, (max-width: 1024px) 100vw, 1024px\" \/><\/figure>\n\n\n\n<figure class=\"wp-block-image aligncenter size-large has-custom-border\"><img loading=\"lazy\" decoding=\"async\" width=\"769\" height=\"1024\" src=\"https:\/\/frutasvalentia.com.ar\/wp-content\/uploads\/2022\/11\/IMG_20221103_192442554-769x1024.jpg\" alt=\"\" class=\"wp-image-1207\" style=\"border-radius:10px\" srcset=\"https:\/\/frutasvalentia.com.ar\/wp-content\/uploads\/2022\/11\/IMG_20221103_192442554-769x1024.jpg 769w, https:\/\/frutasvalentia.com.ar\/wp-content\/uploads\/2022\/11\/IMG_20221103_192442554-225x300.jpg 225w, https:\/\/frutasvalentia.com.ar\/wp-content\/uploads\/2022\/11\/IMG_20221103_192442554-768x1023.jpg 768w, https:\/\/frutasvalentia.com.ar\/wp-content\/uploads\/2022\/11\/IMG_20221103_192442554-1153x1536.jpg 1153w, https:\/\/frutasvalentia.com.ar\/wp-content\/uploads\/2022\/11\/IMG_20221103_192442554-1538x2048.jpg 1538w, https:\/\/frutasvalentia.com.ar\/wp-content\/uploads\/2022\/11\/IMG_20221103_192442554-rotated.jpg 1774w\" sizes=\"auto, (max-width: 769px) 100vw, 769px\" \/><\/figure>\n<\/div>\n\n\n\n<div class=\"wp-block-column is-vertically-aligned-center is-layout-flow wp-block-column-is-layout-flow\">\n<div class=\"wp-block-uagb-info-box uagb-block-b5125f24 uagb-infobox__content-wrap  uagb-infobox-icon-above-title uagb-infobox-image-valign-top\"><div class=\"uagb-ifb-content\"><div class=\"uagb-ifb-title-wrap\"><h3 class=\"uagb-ifb-title\">Nuestro Objetivo<\/h3><\/div><p class=\"uagb-ifb-desc\">Producir respetando el medio ambiente, colaborando con la naturaleza y haciendo una rigurosa selecci\u00f3n para llevar a la mesa de los argentinos fruta de primera calidad.<\/p><div class=\"uagb-ifb-button-wrapper wp-block-button\"><a href=\"#\" target=\"_self\" class=\"uagb-infobox-cta-link\" rel=\"noopener noreferrer\" alt=\"\"><span class=\"uagb-inline-editing\"><\/span><\/a><\/div><\/div><\/div>\n<\/div>\n\n\n\n<div class=\"wp-block-column is-vertically-aligned-center is-layout-flow wp-block-column-is-layout-flow\">\n<figure class=\"wp-block-image aligncenter size-large has-custom-border\"><img loading=\"lazy\" decoding=\"async\" width=\"768\" height=\"1024\" src=\"https:\/\/frutasvalentia.com.ar\/wp-content\/uploads\/2022\/11\/uva-victoria-768x1024.jpg\" alt=\"Uva-Victoria\" class=\"wp-image-1135\" style=\"border-radius:10px\" srcset=\"https:\/\/frutasvalentia.com.ar\/wp-content\/uploads\/2022\/11\/uva-victoria-768x1024.jpg 768w, https:\/\/frutasvalentia.com.ar\/wp-content\/uploads\/2022\/11\/uva-victoria-225x300.jpg 225w, https:\/\/frutasvalentia.com.ar\/wp-content\/uploads\/2022\/11\/uva-victoria-1152x1536.jpg 1152w, https:\/\/frutasvalentia.com.ar\/wp-content\/uploads\/2022\/11\/uva-victoria-1536x2048.jpg 1536w, https:\/\/frutasvalentia.com.ar\/wp-content\/uploads\/2022\/11\/uva-victoria-rotated.jpg 1773w\" sizes=\"auto, (max-width: 768px) 100vw, 768px\" \/><\/figure>\n<\/div>\n<\/div>\n\n\n\n<div class=\"wp-block-uagb-container uagb-block-95dd1a59 alignfull uagb-is-root-container\"><div class=\"uagb-container-inner-blocks-wrap\">\n<div class=\"wp-block-columns is-layout-flex wp-container-core-columns-is-layout-059203fb wp-block-columns-is-layout-flex\" style=\"padding-top:var(--wp--preset--spacing--60);padding-right:var(--wp--preset--spacing--60);padding-bottom:var(--wp--preset--spacing--60);padding-left:var(--wp--preset--spacing--60)\">\n<div class=\"wp-block-column is-layout-flow wp-block-column-is-layout-flow\" style=\"padding-top:0;padding-right:0;padding-bottom:0;padding-left:0\"><\/div>\n\n\n\n<div class=\"wp-block-column is-layout-flow wp-block-column-is-layout-flow\"><\/div>\n\n\n\n<div class=\"wp-block-column is-layout-flow wp-block-column-is-layout-flow\"><\/div>\n<\/div>\n<\/div><\/div>\n\n\n\n<p><\/p>\n","protected":false},"excerpt":{"rendered":"<p>Familia Productora Somos una familia que produce y comercializa fruta de San Juan.Nuestras fincas se encuentras ubicadas en el departamento de Albard\u00f3n, donde gracias a sus suelos pedregosos y c\u00e1lidos nos permite contar con primicias de&nbsp;damasco,&nbsp;ciruela&nbsp;y&nbsp;uva&nbsp;de diversas variedades.<\/p>\n","protected":false},"author":1,"featured_media":0,"parent":0,"menu_order":0,"comment_status":"closed","ping_status":"closed","template":"","meta":{"om_disable_all_campaigns":false,"_uag_custom_page_level_css":"","_monsterinsights_skip_tracking":false,"_monsterinsights_sitenote_active":false,"_monsterinsights_sitenote_note":"","_monsterinsights_sitenote_category":0,"site-sidebar-layout":"default","site-content-layout":"","ast-site-content-layout":"default","site-content-style":"default","site-sidebar-style":"default","ast-global-header-display":"","ast-banner-title-visibility":"","ast-main-header-display":"","ast-hfb-above-header-display":"","ast-hfb-below-header-display":"","ast-hfb-mobile-header-display":"","site-post-title":"disabled","ast-breadcrumbs-content":"","ast-featured-img":"","footer-sml-layout":"","ast-disable-related-posts":"","theme-transparent-header-meta":"","adv-header-id-meta":"","stick-header-meta":"","header-above-stick-meta":"","header-main-stick-meta":"","header-below-stick-meta":"","astra-migrate-meta-layouts":"default","ast-page-background-enabled":"default","ast-page-background-meta":{"desktop":{"background-color":"","background-image":"","background-repeat":"repeat","background-position":"center center","background-size":"auto","background-attachment":"scroll","background-type":"","background-media":"","overlay-type":"","overlay-color":"","overlay-opacity":"","overlay-gradient":""},"tablet":{"background-color":"","background-image":"","background-repeat":"repeat","background-position":"center center","background-size":"auto","background-attachment":"scroll","background-type":"","background-media":"","overlay-type":"","overlay-color":"","overlay-opacity":"","overlay-gradient":""},"mobile":{"background-color":"","background-image":"","background-repeat":"repeat","background-position":"center center","background-size":"auto","background-attachment":"scroll","background-type":"","background-media":"","overlay-type":"","overlay-color":"","overlay-opacity":"","overlay-gradient":""}},"ast-content-background-meta":{"desktop":{"background-color":"var(--ast-global-color-5)","background-image":"","background-repeat":"repeat","background-position":"center center","background-size":"auto","background-attachment":"scroll","background-type":"","background-media":"","overlay-type":"","overlay-color":"","overlay-opacity":"","overlay-gradient":""},"tablet":{"background-color":"var(--ast-global-color-5)","background-image":"","background-repeat":"repeat","background-position":"center center","background-size":"auto","background-attachment":"scroll","background-type":"","background-media":"","overlay-type":"","overlay-color":"","overlay-opacity":"","overlay-gradient":""},"mobile":{"background-color":"var(--ast-global-color-5)","background-image":"","background-repeat":"repeat","background-position":"center center","background-size":"auto","background-attachment":"scroll","background-type":"","background-media":"","overlay-type":"","overlay-color":"","overlay-opacity":"","overlay-gradient":""}},"footnotes":""},"class_list":["post-1411","page","type-page","status-publish","hentry"],"aioseo_notices":[],"uagb_featured_image_src":{"full":false,"thumbnail":false,"medium":false,"medium_large":false,"large":false,"1536x1536":false,"2048x2048":false},"uagb_author_info":{"display_name":"gvideladeoro@gmail.com","author_link":"https:\/\/frutasvalentia.com.ar\/?author=1"},"uagb_comment_info":0,"uagb_excerpt":"Familia Productora Somos una familia que produce y comercializa fruta de San Juan.Nuestras fincas se encuentras ubicadas en el departamento de Albard\u00f3n, donde gracias a sus suelos pedregosos y c\u00e1lidos nos permite contar con primicias de&nbsp;damasco,&nbsp;ciruela&nbsp;y&nbsp;uva&nbsp;de diversas variedades.","_links":{"self":[{"href":"https:\/\/frutasvalentia.com.ar\/index.php?rest_route=\/wp\/v2\/pages\/1411","targetHints":{"allow":["GET"]}}],"collection":[{"href":"https:\/\/frutasvalentia.com.ar\/index.php?rest_route=\/wp\/v2\/pages"}],"about":[{"href":"https:\/\/frutasvalentia.com.ar\/index.php?rest_route=\/wp\/v2\/types\/page"}],"author":[{"embeddable":true,"href":"https:\/\/frutasvalentia.com.ar\/index.php?rest_route=\/wp\/v2\/users\/1"}],"replies":[{"embeddable":true,"href":"https:\/\/frutasvalentia.com.ar\/index.php?rest_route=%2Fwp%2Fv2%2Fcomments&post=1411"}],"version-history":[{"count":18,"href":"https:\/\/frutasvalentia.com.ar\/index.php?rest_route=\/wp\/v2\/pages\/1411\/revisions"}],"predecessor-version":[{"id":1546,"href":"https:\/\/frutasvalentia.com.ar\/index.php?rest_route=\/wp\/v2\/pages\/1411\/revisions\/1546"}],"wp:attachment":[{"href":"https:\/\/frutasvalentia.com.ar\/index.php?rest_route=%2Fwp%2Fv2%2Fmedia&parent=1411"}],"curies":[{"name":"wp","href":"https:\/\/api.w.org\/{rel}","templated":true}]}}